{"id":20,"date":"2019-09-10T12:09:19","date_gmt":"2019-09-10T12:09:19","guid":{"rendered":"http:\/\/boulangerie-patisserie-lausanne.ch\/?p=20"},"modified":"2024-01-18T15:10:19","modified_gmt":"2024-01-18T15:10:19","slug":"catering","status":"publish","type":"page","link":"https:\/\/boulangerie-patisserie-lausanne.ch\/?page_id=20","title":{"rendered":"Produits"},"content":{"rendered":"<h1>Nos produits sal\u00e9s<\/h1>\n<ul>\n<li>\n<h3><u>Mini canap\u00e9s de luxe <\/u><\/h3>\n<p>CHF 2.80<\/p>\n<div>\n<ul>\n<li>Saumon limette<\/li>\n<li>Trio de fromages<\/li>\n<li>Roastbeef sauce tartare<\/li>\n<li>Foie gras et myrtille<\/li>\n<li>A la grisonne<\/li>\n<li>Crevettes sauce latino<\/li>\n<\/ul>\n<p class=\"uk-h5 uk-font-secondary uk-position-relative\" data-id=\"page#7\"><strong>Sur commande<\/strong><\/p>\n<ul>\n<li>Scampi \u00e0 l\u2019ail d\u2019ours<\/li>\n<li>Canard \u00e0 l\u2019aneth<\/li>\n<li>\u0152ufs de caille au plat<\/li>\n<li>Ch\u00e8vre et brebis safran\u00e9s<\/li>\n<li>Jambon mimosa<\/li>\n<\/ul>\n<\/div>\n<\/li>\n<li>\n<h3><u>Mini sandwichs divers de luxe<\/u><\/h3>\n<p>CHF 2.80<\/p>\n<\/li>\n<li>\n<h3><u>Mini d\u00e9lices divers de luxe <\/u><\/h3>\n<p>CHF 2.80<\/p>\n<\/li>\n<li>\n<h3><u>Mini canap\u00e9s divers<\/u><\/h3>\n<p>CHF 2.30<\/p>\n<\/li>\n<li>\n<h3><u>Mini canap\u00e9s triangles divers<\/u><\/h3>\n<p>CHF 2.30<\/p>\n<\/li>\n<li>\n<h3><u>Tortillas de b\u0153uf mexicano<\/u><\/h3>\n<p>CHF 2.90<\/p>\n<\/li>\n<li>\n<h3><u>Brochettes de dinde casimir<\/u><\/h3>\n<p>CHF 2.90<\/p>\n<\/li>\n<li>\n<h3><u>Mini p\u00e2t\u00e9s<\/u><\/h3>\n<p>CHF 2.00<\/p>\n<\/li>\n<li>\n<h3><u>Mini vol au vent farcis<\/u><\/h3>\n<p>CHF 1.80<\/p>\n<div>\n<ul>\n<li>Crevettes<\/li>\n<li>Mousse fromage blanc\u00a0<\/li>\n<li>Tartare<\/li>\n<\/ul>\n<\/div>\n<\/li>\n<li>\n<h3><u>Mini croissant <\/u><\/h3>\n<p>CHF 1.60<\/p>\n<div>\n<ul>\n<li>Jambon<\/li>\n<li>Saumon<\/li>\n<\/ul>\n<\/div>\n<\/li>\n<li>\n<h3><u>Mini quiches<\/u><\/h3>\n<p>CHF 1.80<\/p>\n<\/li>\n<li>\n<h3><u>Mini ramequin<\/u><\/h3>\n<p>CHF 1.80<\/p>\n<div>\n<ul>\n<li>\u00e9pinard<\/li>\n<li>l\u00e9gume<\/li>\n<\/ul>\n<\/div>\n<\/li>\n<li>\n<h3><u>Mini pizza<\/u><\/h3>\n<p>CHF 1.80<\/p>\n<\/li>\n<li>\n<h3><u>Mini rissole<\/u><\/h3>\n<p>CHF 1.80<\/p>\n<\/li>\n<li>\n<h3><u>Kg feuillet\u00e9s sal\u00e9s<\/u><\/h3>\n<p>CHF 65.00<\/p>\n<\/li>\n<li>\n<h3><u>KG fl\u00fbtes au beurre<\/u><\/h3>\n<p>CHF 40.00<\/p>\n<\/li>\n<\/ul>\n<div>\n<h3><u>Le pain surprise (pour 8-10 personnes)<\/u><\/h3>\n<p>CHF 65.00<\/p>\n<div>\n<ul>\n<li>Tradition: Jambon, salami, fromage, saumon et thon<\/li>\n<li>Campagnard: Jambon, chorizo, poulet au curry, mousse de foie, roastbeef<\/li>\n<li>M\u00e9diterran\u00e9en: Thon, crevettes, saumon, tomate-mozzarella, olive noires<\/li>\n<li>V\u00e9g\u00e9tarien: Mousse de l\u00e9gumes, carottes raifort, gruy\u00e8re, proven\u00e7ale, fromage blanc, ciboulette<\/li>\n<\/ul>\n<\/div>\n<\/div>\n<h1>Nos produits sucr\u00e9s<\/h1>\n<ul>\n<li>\n<h3><u>Mini mille feuilles<\/u><\/h3>\n<p>CHF 1.80<\/p>\n<div>\n<ul>\n<li>Fraise<\/li>\n<\/ul>\n<\/div>\n<\/li>\n<li>\n<h3><u>Mini \u00e9clairs<\/u><\/h3>\n<p>CHF 1.80<\/p>\n<div>\n<ul>\n<li>Chocolat<\/li>\n<li>Moka<\/li>\n<\/ul>\n<\/div>\n<\/li>\n<li>\n<h3><u>Mini choux cr\u00e8me<\/u><\/h3>\n<p>CHF 1.80<\/p>\n<\/li>\n<li>\n<h3><u>Mini caracs<\/u><\/h3>\n<p>CHF 1.80<\/p>\n<\/li>\n<li>\n<h3><u>Mini citrons<\/u><\/h3>\n<p>CHF 1.80<\/p>\n<\/li>\n<li>\n<h3><u>Mini tartelette fruits<\/u><\/h3>\n<p>CHF 1.80<\/p>\n<\/li>\n<li>\n<h3><u>Mini truff\u00e9<\/u><\/h3>\n<p>CHF 1.80<\/p>\n<\/li>\n<li>\n<h3><u>Verrines mousse \u00e0 choix<\/u><\/h3>\n<p>CHF 2.50<\/p>\n<\/li>\n<\/ul>\n<p><img decoding=\"async\" src=\"\/wp-content\/uploads\/yootheme\/catering-products-type.svg\" alt=\"\"><\/p>\n<p><!--more--><br \/>\n<!-- {\"type\":\"layout\",\"children\":[{\"name\":\"Hero\",\"type\":\"section\",\"props\":{\"image_position\":\"center-center\",\"padding_remove_bottom\":false,\"padding_remove_horizontal\":false,\"style\":\"default\",\"title_breakpoint\":\"xl\",\"title_position\":\"top-left\",\"title_rotation\":\"left\",\"vertical_align\":\"middle\",\"width\":\"xlarge\"},\"children\":[{\"type\":\"row\",\"children\":[{\"type\":\"column\",\"props\":{\"image_position\":\"center-center\",\"position_sticky_breakpoint\":\"m\"},\"children\":[{\"type\":\"headline\",\"props\":{\"content\":\"Nos produits sal\\u00e9s\",\"position_right\":\"-100\",\"title_decoration\":\"bullet\",\"title_element\":\"h1\",\"title_font_family\":\"primary\",\"title_style\":\"heading-medium\"}}]}]},{\"type\":\"row\",\"children\":[{\"type\":\"column\",\"props\":{\"image_position\":\"center-center\",\"position_sticky_breakpoint\":\"m\"},\"children\":[{\"name\":\"Description List Leader Columns Halves\",\"type\":\"description_list\",\"children\":[{\"type\":\"description_list_item\",\"props\":{\"content\":\"\n\n<p><\\\/p>\\n\n\n<ul>\\n\n\n<li>Saumon limette<\\\/li>\\n\n\n<li>Trio de fromages<\\\/li>\\n\n\n<li>Roastbeef sauce tartare<\\\/li>\\n\n\n<li>Foie gras et myrtille<\\\/li>\\n\n\n<li>A la grisonne<\\\/li>\\n\n\n<li>Crevettes sauce latino<\\\/li>\\n<\\\/ul>\\n\n\n<p class=\\\"uk-h5 uk-font-secondary uk-position-relative\\\" data-id=\\\"page#7\\\"><strong>Sur commande<\\\/strong><\\\/p>\\n\n\n<ul>\\n\n\n<li>Scampi \\u00e0 l\\u2019ail d\\u2019ours<\\\/li>\\n\n\n<li>Canard \\u00e0 l\\u2019aneth<\\\/li>\\n\n\n<li>\\u0152ufs de caille au plat<\\\/li>\\n\n\n<li>Ch\\u00e8vre et brebis safran\\u00e9s<\\\/li>\\n\n\n<li>Jambon mimosa<\\\/li>\\n<\\\/ul>\",\"meta\":\"CHF 2.80\",\"title\":\"<u>Mini canap\\u00e9s de luxe <\\\/u>\"}},{\"type\":\"description_list_item\",\"props\":{\"content\":\"\",\"meta\":\"CHF 2.80\",\"title\":\"<u>Mini sandwichs divers de luxe<\\\/u>\"}},{\"type\":\"description_list_item\",\"props\":{\"content\":\"\",\"meta\":\"CHF 2.80\",\"title\":\"<u>Mini d\\u00e9lices divers de luxe <\\\/u>\"}},{\"type\":\"description_list_item\",\"props\":{\"content\":\"\",\"meta\":\"CHF 2.30\",\"title\":\"<u>Mini canap\\u00e9s divers<\\\/u>\"}},{\"type\":\"description_list_item\",\"props\":{\"content\":\"\",\"meta\":\"CHF 2.30\",\"title\":\"<u>Mini canap\\u00e9s triangles divers<\\\/u>\"}},{\"type\":\"description_list_item\",\"props\":{\"content\":\"\",\"meta\":\"CHF 2.90\",\"title\":\"<u>Tortillas de b\\u0153uf mexicano<\\\/u>\"}},{\"type\":\"description_list_item\",\"props\":{\"content\":\"\",\"meta\":\"CHF 2.90\",\"title\":\"<u>Brochettes de dinde casimir<\\\/u>\"}},{\"type\":\"description_list_item\",\"props\":{\"content\":\"\",\"meta\":\"CHF 2.00\",\"title\":\"<u>Mini p\\u00e2t\\u00e9s<\\\/u>\"}},{\"type\":\"description_list_item\",\"props\":{\"content\":\"\n\n<ul>\\n\n\n<li>Crevettes<\\\/li>\\n\n\n<li>Mousse fromage blanc\\u00a0<\\\/li>\\n\n\n<li>Tartare<\\\/li>\\n<\\\/ul>\",\"meta\":\"CHF 1.80\",\"title\":\"<u>Mini vol au vent farcis<\\\/u>\"}},{\"type\":\"description_list_item\",\"props\":{\"content\":\"\n\n<ul>\\n\n\n<li>Jambon<\\\/li>\\n\n\n<li>Saumon<\\\/li>\\n<\\\/ul>\",\"meta\":\"CHF 1.60\",\"title\":\"<u>Mini croissant <\\\/u>\"}},{\"type\":\"description_list_item\",\"props\":{\"meta\":\"CHF 1.80\",\"title\":\"<u>Mini quiches<\\\/u>\"}},{\"type\":\"description_list_item\",\"props\":{\"content\":\"\n\n<ul>\\n\n\n<li>\\u00e9pinard<\\\/li>\\n\n\n<li>l\\u00e9gume<\\\/li>\\n<\\\/ul>\",\"meta\":\"CHF 1.80\",\"title\":\"<u>Mini ramequin<\\\/u>\"}},{\"type\":\"description_list_item\",\"props\":{\"meta\":\"CHF 1.80\",\"title\":\"<u>Mini pizza<\\\/u>\"}},{\"type\":\"description_list_item\",\"props\":{\"meta\":\"CHF 1.80\",\"title\":\"<u>Mini rissole<\\\/u>\"}},{\"type\":\"description_list_item\",\"props\":{\"meta\":\"CHF 65.00\",\"title\":\"<u>Kg feuillet\\u00e9s sal\\u00e9s<\\\/u>\"}},{\"type\":\"description_list_item\",\"props\":{\"meta\":\"CHF 40.00\",\"title\":\"<u>KG fl\\u00fbtes au beurre<\\\/u>\"}}],\"props\":{\"block_align\":\"center\",\"column\":\"1-2\",\"column_breakpoint\":\"s\",\"layout\":\"grid-2-m\",\"list_element\":\"ul\",\"list_marker\":\"hyphen\",\"list_size\":\"large\",\"margin\":\"default\",\"meta_align\":\"bottom\",\"meta_color\":\"primary\",\"meta_style\":\"\",\"show_content\":true,\"show_link\":true,\"show_meta\":true,\"show_title\":true,\"title_element\":\"div\",\"title_grid_column_gap\":\"small\",\"title_grid_row_gap\":\"small\",\"title_grid_width\":\"expand\",\"title_leader\":true,\"title_style\":\"text-large\"}}]}]},{\"type\":\"row\",\"children\":[{\"type\":\"column\",\"props\":{\"image_position\":\"center-center\",\"position_sticky_breakpoint\":\"m\"},\"children\":[{\"name\":\"Description List Leader Columns Halves\",\"type\":\"description_list\",\"children\":[{\"type\":\"description_list_item\",\"props\":{\"content\":\"\n\n<ul>\\n\n\n<li>Tradition: Jambon, salami, fromage, saumon et thon<\\\/li>\\n\n\n<li>Campagnard: Jambon, chorizo, poulet au curry, mousse de foie, roastbeef<\\\/li>\\n\n\n<li>M\\u00e9diterran\\u00e9en: Thon, crevettes, saumon, tomate-mozzarella, olive noires<\\\/li>\\n\n\n<li>V\\u00e9g\\u00e9tarien: Mousse de l\\u00e9gumes, carottes raifort, gruy\\u00e8re, proven\\u00e7ale, fromage blanc, ciboulette<\\\/li>\\n<\\\/ul>\",\"meta\":\"CHF 65.00\",\"title\":\"<u>Le pain surprise (pour 8-10 personnes)<\\\/u>\"}}],\"props\":{\"block_align\":\"center\",\"column_breakpoint\":\"s\",\"layout\":\"grid-2-m\",\"list_element\":\"ul\",\"list_marker\":\"hyphen\",\"list_size\":\"large\",\"margin\":\"default\",\"meta_align\":\"bottom\",\"meta_color\":\"primary\",\"meta_style\":\"\",\"show_content\":true,\"show_link\":true,\"show_meta\":true,\"show_title\":true,\"title_element\":\"div\",\"title_grid_column_gap\":\"small\",\"title_grid_row_gap\":\"small\",\"title_grid_width\":\"expand\",\"title_leader\":true,\"title_style\":\"text-large\"}}]}]},{\"type\":\"row\",\"children\":[{\"type\":\"column\",\"props\":{\"image_position\":\"center-center\",\"position_sticky_breakpoint\":\"m\"},\"children\":[{\"type\":\"headline\",\"props\":{\"content\":\"Nos produits sucr\\u00e9s\",\"position_right\":\"-100\",\"title_decoration\":\"bullet\",\"title_element\":\"h1\",\"title_font_family\":\"primary\",\"title_style\":\"heading-medium\"}},{\"name\":\"Description List Leader Columns Halves\",\"type\":\"description_list\",\"children\":[{\"type\":\"description_list_item\",\"props\":{\"content\":\"\n\n<ul>\\n\n\n<li>Fraise<\\\/li>\\n<\\\/ul>\",\"meta\":\"CHF 1.80\",\"title\":\"<u>Mini mille feuilles<\\\/u>\"}},{\"type\":\"description_list_item\",\"props\":{\"content\":\"\n\n<ul>\\n\n\n<li>Chocolat<\\\/li>\\n\n\n<li>Moka<\\\/li>\\n<\\\/ul>\",\"meta\":\"CHF 1.80\",\"title\":\"<u>Mini \\u00e9clairs<\\\/u>\"}},{\"type\":\"description_list_item\",\"props\":{\"content\":\"\",\"meta\":\"CHF 1.80\",\"title\":\"<u>Mini choux cr\\u00e8me<\\\/u>\"}},{\"type\":\"description_list_item\",\"props\":{\"content\":\"\",\"meta\":\"CHF 1.80\",\"title\":\"<u>Mini caracs<\\\/u>\"}},{\"type\":\"description_list_item\",\"props\":{\"content\":\"\",\"meta\":\"CHF 1.80\",\"title\":\"<u>Mini citrons<\\\/u>\"}},{\"type\":\"description_list_item\",\"props\":{\"content\":\"\",\"meta\":\"CHF 1.80\",\"title\":\"<u>Mini tartelette fruits<\\\/u>\"}},{\"type\":\"description_list_item\",\"props\":{\"content\":\"\",\"meta\":\"CHF 1.80\",\"title\":\"<u>Mini truff\\u00e9<\\\/u>\"}},{\"type\":\"description_list_item\",\"props\":{\"content\":\"\",\"meta\":\"CHF 2.50\",\"title\":\"<u>Verrines mousse \\u00e0 choix<\\\/u>\"}}],\"props\":{\"block_align\":\"center\",\"column\":\"1-2\",\"column_breakpoint\":\"s\",\"layout\":\"grid-2-m\",\"list_element\":\"ul\",\"list_size\":\"large\",\"margin\":\"default\",\"meta_align\":\"bottom\",\"meta_color\":\"primary\",\"meta_style\":\"\",\"show_content\":true,\"show_link\":true,\"show_meta\":true,\"show_title\":true,\"title_element\":\"div\",\"title_grid_column_gap\":\"small\",\"title_grid_row_gap\":\"small\",\"title_grid_width\":\"expand\",\"title_leader\":true,\"title_style\":\"text-large\"}},{\"type\":\"image\",\"props\":{\"animation\":\"parallax\",\"image\":\"wp-content\\\/uploads\\\/yootheme\\\/catering-products-type.svg\",\"image_svg_color\":\"emphasis\",\"image_svg_inline\":true,\"margin\":\"default\",\"parallax_easing\":\"1\",\"parallax_x\":\"0,50\",\"text_align\":\"left\"}}]}]}]}],\"version\":\"4.1.2\"} --><\/p>\n","protected":false},"excerpt":{"rendered":"<p>Nos produits sal\u00e9s Mini canap\u00e9s de luxe CHF 2.80 Saumon limette Trio de fromages Roastbeef sauce tartare Foie gras et myrtille A la grisonne Crevettes sauce latino Sur commande Scampi \u00e0 l\u2019ail d\u2019ours Canard \u00e0 l\u2019aneth \u0152ufs de caille au plat Ch\u00e8vre et brebis safran\u00e9s Jambon mimosa Mini sandwichs divers de luxe CHF 2.80 Mini [&hellip;]<\/p>\n","protected":false},"author":1,"featured_media":0,"parent":0,"menu_order":2,"comment_status":"open","ping_status":"open","template":"","meta":{"footnotes":""},"class_list":["post-20","page","type-page","status-publish","hentry"],"acf":[],"_links":{"self":[{"href":"https:\/\/boulangerie-patisserie-lausanne.ch\/index.php?rest_route=\/wp\/v2\/pages\/20","targetHints":{"allow":["GET"]}}],"collection":[{"href":"https:\/\/boulangerie-patisserie-lausanne.ch\/index.php?rest_route=\/wp\/v2\/pages"}],"about":[{"href":"https:\/\/boulangerie-patisserie-lausanne.ch\/index.php?rest_route=\/wp\/v2\/types\/page"}],"author":[{"embeddable":true,"href":"https:\/\/boulangerie-patisserie-lausanne.ch\/index.php?rest_route=\/wp\/v2\/users\/1"}],"replies":[{"embeddable":true,"href":"https:\/\/boulangerie-patisserie-lausanne.ch\/index.php?rest_route=%2Fwp%2Fv2%2Fcomments&post=20"}],"version-history":[{"count":42,"href":"https:\/\/boulangerie-patisserie-lausanne.ch\/index.php?rest_route=\/wp\/v2\/pages\/20\/revisions"}],"predecessor-version":[{"id":1372,"href":"https:\/\/boulangerie-patisserie-lausanne.ch\/index.php?rest_route=\/wp\/v2\/pages\/20\/revisions\/1372"}],"wp:attachment":[{"href":"https:\/\/boulangerie-patisserie-lausanne.ch\/index.php?rest_route=%2Fwp%2Fv2%2Fmedia&parent=20"}],"curies":[{"name":"wp","href":"https:\/\/api.w.org\/{rel}","templated":true}]}}