{"id":1182,"date":"2023-10-24T13:25:23","date_gmt":"2023-10-24T13:25:23","guid":{"rendered":"http:\/\/boulangerie-patisserie-lausanne.ch\/?page_id=1182"},"modified":"2024-01-29T10:27:08","modified_gmt":"2024-01-29T10:27:08","slug":"test-form","status":"publish","type":"page","link":"https:\/\/boulangerie-patisserie-lausanne.ch\/?page_id=1182","title":{"rendered":"Ap\u00e9ritifs"},"content":{"rendered":"<h1>Choix de produit, \u00e9tape 1<\/h1>\n<h1>Veuillez choisir entre notre s\u00e9lection GOURMET ou DELUXE<\/h1>\n<p><a href=\"\/index.php?page_id=1191\"><img decoding=\"async\" src=\"\/wp-content\/uploads\/2024\/01\/Apperitif-gourmet-2526.gif\" alt=\"\"><\/a><br \/>\n<a href=\"\/index.php?page_id=1206\"><img decoding=\"async\" src=\"\/wp-content\/uploads\/2024\/01\/Apperitif-deluxe-2.gif\" alt=\"\"><\/a><\/p>\n<div><u><\/p>\n<p style=\"text-align: center;\"><strong>Nous ne livrons pas de commande pour un montant inf\u00e9rieurs \u00e0 CHF 100.00<\/strong><\/p>\n<p><\/u><\/div>\n<p><!--more--><br \/>\n<!-- {\"type\":\"layout\",\"children\":[{\"type\":\"section\",\"props\":{\"image\":\"wp-content\\\/uploads\\\/yootheme\\\/products-bg.png\",\"image_position\":\"bottom-right\",\"image_width\":\"480\",\"style\":\"default\",\"title_breakpoint\":\"xl\",\"title_position\":\"top-left\",\"title_rotation\":\"left\",\"vertical_align\":\"middle\",\"width\":\"default\"},\"children\":[{\"type\":\"row\",\"children\":[{\"type\":\"column\",\"props\":{\"image_position\":\"center-center\",\"position_sticky_breakpoint\":\"m\"},\"children\":[{\"type\":\"headline\",\"props\":{\"content\":\"Choix de produit, \\u00e9tape 1\",\"title_element\":\"h1\",\"title_style\":\"h2\"}},{\"type\":\"headline\",\"props\":{\"content\":\"Veuillez choisir entre notre s\\u00e9lection GOURMET ou DELUXE\",\"margin_remove_bottom\":false,\"margin_remove_top\":true,\"text_align\":\"center\",\"title_decoration\":\"line\",\"title_element\":\"h1\",\"title_style\":\"h4\"}}]}]},{\"type\":\"row\",\"props\":{\"layout\":\"1-2,1-2\"},\"children\":[{\"type\":\"column\",\"props\":{\"image_position\":\"center-center\",\"position_sticky_breakpoint\":\"m\",\"width_medium\":\"1-2\"},\"children\":[{\"type\":\"image\",\"props\":{\"image\":\"wp-content\\\/uploads\\\/2024\\\/01\\\/Apperitif-gourmet-2526.gif\",\"image_svg_color\":\"emphasis\",\"link\":\"index.php?page_id=1191\",\"margin\":\"default\",\"text_align\":\"right\"}}]},{\"type\":\"column\",\"props\":{\"image_position\":\"center-center\",\"position_sticky_breakpoint\":\"m\",\"width_medium\":\"1-2\"},\"children\":[{\"type\":\"image\",\"props\":{\"image\":\"wp-content\\\/uploads\\\/2024\\\/01\\\/Apperitif-deluxe-2.gif\",\"image_svg_color\":\"emphasis\",\"image_width\":\"320\",\"link\":\"index.php?page_id=1206\",\"margin\":\"default\",\"text_align\":\"left\"}}]}]},{\"type\":\"row\",\"children\":[{\"type\":\"column\",\"props\":{\"image_position\":\"center-center\",\"position_sticky_breakpoint\":\"m\"},\"children\":[{\"type\":\"text\",\"props\":{\"column_breakpoint\":\"m\",\"content\":\"<u>\n\n<p style=\\\"text-align: center;\\\"><strong>Nous ne livrons pas de commande pour un montant inf\\u00e9rieurs \\u00e0 CHF 100.00<\\\/strong><br \\\/><br \\\/><\\\/p><\\\/u>\",\"margin\":\"default\",\"text_color\":\"warning\"}}]}]}]},{\"type\":\"section\",\"props\":{\"image_position\":\"center-center\",\"style\":\"default\",\"title_breakpoint\":\"xl\",\"title_position\":\"top-left\",\"title_rotation\":\"left\",\"vertical_align\":\"middle\",\"width\":\"default\"},\"children\":[{\"type\":\"row\",\"children\":[{\"type\":\"column\",\"props\":{\"image_position\":\"center-center\",\"position_sticky_breakpoint\":\"m\",\"width_medium\":\"1-2\"},\"children\":[{\"type\":\"image\",\"props\":{\"image\":\"wp-content\\\/uploads\\\/2024\\\/01\\\/istockphoto-1428270636-1024x1024-1.gif\",\"image_svg_color\":\"emphasis\",\"link\":\"index.php?page_id=1191\",\"margin\":\"default\",\"text_align\":\"right\"}}]},{\"type\":\"column\",\"props\":{\"image_position\":\"center-center\",\"position_sticky_breakpoint\":\"m\",\"width_medium\":\"1-2\"},\"children\":[{\"type\":\"image\",\"props\":{\"image\":\"wp-content\\\/uploads\\\/2024\\\/01\\\/istockphoto-1428270636-1024x1024-Copie.gif\",\"image_svg_color\":\"emphasis\",\"image_width\":\"320\",\"link\":\"index.php?page_id=1206\",\"margin\":\"default\",\"text_align\":\"left\"}}]}],\"props\":{\"layout\":\"1-2,1-2\",\"status\":\"disabled\"}},{\"type\":\"row\",\"children\":[{\"type\":\"column\",\"props\":{\"image_position\":\"center-center\",\"position_sticky_breakpoint\":\"m\",\"width_medium\":\"1-2\"},\"children\":[{\"type\":\"text\",\"props\":{\"column_breakpoint\":\"m\",\"content\":\"\n\n<h2 style=\\\"text-align: left;\\\">APERITIFGOURMET<\\\/h2>\\n\n\n<ul style=\\\"text-align: left;\\\">\\n\n\n<li>\\u00a0 2 Mini canap\\u00e9s Deluxe<\\\/li>\\n\n\n<li>\\u00a0 2 Mini sandwiche Deluxe<\\\/li>\\n\n\n<li>\\u00a0 1 Tortilla de b\\u0153uf mexicano<\\\/li>\\n\n\n<li>\\u00a0 1 Brochette de dinde Casimir<\\\/li>\\n\n\n<li>\\u00a0 1 Mini p\\u00e2t\\u00e9<\\\/li>\\n\n\n<li>\\u00a0 1 Mini vol-au-vent farci<\\\/li>\\n\n\n<li>*2 Mini p\\u00e2tisseries<\\\/li>\\n<\\\/ul>\\n\n\n<p style=\\\"text-align: left;\\\">*Au choix parmi notre assortiment<br \\\/><strong>13.90 CHF par convive<\\\/strong><br \\\/>TVA de 2.5% incl.<\\\/p>\",\"margin\":\"default\"}},{\"name\":\"Button Style Default\",\"type\":\"button\",\"children\":[{\"type\":\"button_item\",\"props\":{\"button_style\":\"default\",\"content\":\"Suivant\",\"icon_align\":\"left\",\"link\":\"index.php?page_id=1191\"}}],\"props\":{\"button_size\":\"small\",\"fullwidth\":false,\"grid_column_gap\":\"small\",\"grid_row_gap\":\"small\",\"margin\":\"default\",\"margin_remove_top\":false,\"text_align\":\"center\"}}]},{\"type\":\"column\",\"props\":{\"image_position\":\"center-center\",\"position_sticky_breakpoint\":\"m\",\"width_medium\":\"1-2\"},\"children\":[{\"type\":\"text\",\"props\":{\"column_breakpoint\":\"m\",\"content\":\"\n\n<h2>APERITIFDELUXE<\\\/h2>\\n\n\n<ul>\\n\n\n<li>\\u00a0 2 Mini canap\\u00e9s Deluxe<\\\/li>\\n\n\n<li>\\u00a0 2 Mini sandwiche Deluxe<\\\/li>\\n\n\n<li>\\u00a0 1 Tortilla de b\\u0153uf mexicano<\\\/li>\\n\n\n<li>\\u00a0 1 Brochette de dinde Casimir<\\\/li>\\n\n\n<li>\\u00a0 1 Mini p\\u00e2t\\u00e9<\\\/li>\\n\n\n<li>\\u00a0 1 Mini vol-au-vent farci<\\\/li>\\n\n\n<li>*2 Mini p\\u00e2tisseries<\\\/li>\\n<\\\/ul>\\n\n\n<p>*Au choix parmi notre assortiment<br \\\/><strong>24.40 CHF par convive<\\\/strong><br \\\/>TVA de 2.5% incl.<\\\/p>\",\"margin\":\"default\"}},{\"name\":\"Button Style Default\",\"type\":\"button\",\"children\":[{\"type\":\"button_item\",\"props\":{\"button_style\":\"default\",\"content\":\"Suivant\",\"icon_align\":\"left\",\"link\":\"index.php?page_id=1206\"}}],\"props\":{\"button_size\":\"small\",\"fullwidth\":false,\"grid_column_gap\":\"small\",\"grid_row_gap\":\"small\",\"margin\":\"default\",\"margin_remove_top\":false,\"text_align\":\"center\"}}]}],\"props\":{\"layout\":\"1-2,1-2\",\"status\":\"disabled\"}}]}],\"version\":\"4.1.2\"} --><\/p>\n","protected":false},"excerpt":{"rendered":"<p>Choix de produit, \u00e9tape 1 Veuillez choisir entre notre s\u00e9lection GOURMET ou DELUXE Nous ne livrons pas de commande pour un montant inf\u00e9rieurs \u00e0 CHF 100.00<\/p>\n","protected":false},"author":1,"featured_media":0,"parent":0,"menu_order":0,"comment_status":"closed","ping_status":"closed","template":"","meta":{"footnotes":""},"class_list":["post-1182","page","type-page","status-publish","hentry"],"acf":[],"_links":{"self":[{"href":"https:\/\/boulangerie-patisserie-lausanne.ch\/index.php?rest_route=\/wp\/v2\/pages\/1182","targetHints":{"allow":["GET"]}}],"collection":[{"href":"https:\/\/boulangerie-patisserie-lausanne.ch\/index.php?rest_route=\/wp\/v2\/pages"}],"about":[{"href":"https:\/\/boulangerie-patisserie-lausanne.ch\/index.php?rest_route=\/wp\/v2\/types\/page"}],"author":[{"embeddable":true,"href":"https:\/\/boulangerie-patisserie-lausanne.ch\/index.php?rest_route=\/wp\/v2\/users\/1"}],"replies":[{"embeddable":true,"href":"https:\/\/boulangerie-patisserie-lausanne.ch\/index.php?rest_route=%2Fwp%2Fv2%2Fcomments&post=1182"}],"version-history":[{"count":42,"href":"https:\/\/boulangerie-patisserie-lausanne.ch\/index.php?rest_route=\/wp\/v2\/pages\/1182\/revisions"}],"predecessor-version":[{"id":1400,"href":"https:\/\/boulangerie-patisserie-lausanne.ch\/index.php?rest_route=\/wp\/v2\/pages\/1182\/revisions\/1400"}],"wp:attachment":[{"href":"https:\/\/boulangerie-patisserie-lausanne.ch\/index.php?rest_route=%2Fwp%2Fv2%2Fmedia&parent=1182"}],"curies":[{"name":"wp","href":"https:\/\/api.w.org\/{rel}","templated":true}]}}