{"id":1,"date":"2019-09-10T12:09:19","date_gmt":"2019-09-10T12:09:19","guid":{"rendered":"http:\/\/boulangerie-patisserie-lausanne.ch\/?p=1"},"modified":"2024-01-19T12:26:27","modified_gmt":"2024-01-19T12:26:27","slug":"home","status":"publish","type":"page","link":"https:\/\/boulangerie-patisserie-lausanne.ch\/","title":{"rendered":"Acceuil"},"content":{"rendered":"<h1><span>LIVRAISON\u00a0<\/span><span>7\/7<\/span><\/h1>\n<h1>\n<p>365 jours par ann\u00e9e, nos v\u00e9hicules parcourent la r\u00e9gion Lausannoise afin de livrer des produits frais \u00e0 nos clients.<\/p>\n<p>Service pour restaurants, entreprises, collectivit\u00e9s publiques ou \u00e9v\u00e8nements priv\u00e9s, choisissez notre service de livraison sur-mesure.<\/p>\n<\/h1>\n<ul>\n<li>\n<p>        <img decoding=\"async\" src=\"\/wp-content\/uploads\/2023\/10\/istockphoto-1472817580-1024x1024-1.jpg\" alt=\"\"><\/p>\n<div>Produits<\/div>\n<p><a href=\"\/index.php?page_id=20\"><\/a><\/p>\n<\/li>\n<li>\n<p>        <img decoding=\"async\" src=\"\/wp-content\/uploads\/2023\/10\/istockphoto-1423092271-1024x1024-1.jpg\" alt=\"\"><\/p>\n<div>Ap\u00e9ritif dinatoire<\/div>\n<p><a href=\"\/index.php?page_id=1182\"><\/a><\/p>\n<\/li>\n<\/ul>\n<h2>Votre artisan boulanger, p\u00e2tissier &amp; traiteur de votre r\u00e9gion<\/h2>\n<p>\n    <a href=\"\/index.php?page_id=6\">\u00c0 propos de nous<\/a>\n<\/p>\n<h1>\n<p>Nous sommes une entreprise dynamique sp\u00e9cialis\u00e9 dans la<span>\u00a0<\/span><span class=\"_gras\">livraison de produits de boulangerie et p\u00e2tisserie<\/span><span>\u00a0<\/span>et ceci<span>\u00a0<\/span><span class=\"_gras\">365 jours par an<\/span>, nous travaillons avec une client\u00e8le tr\u00e8s vari\u00e9e tel que:<span>\u00a0<\/span><span class=\"_gras\">h\u00f4tels, restaurants, \u00e9coles, banques, universit\u00e9s, magasins d&rsquo;alimentation, etc..<\/span><\/p>\n<\/p>\n<p>Nous poss\u00e9dons de nombreuses ann\u00e9es d&rsquo;exp\u00e9riences dans ce domaine et nous appliquons des m\u00e9thodes de travail artisanales assurant<span>\u00a0<\/span><span class=\"_gras\">l&rsquo;authenticit\u00e9 et la saveur des produits<\/span>, notre objectif est que nos clients trouvent chez nous du pain et de la p\u00e2tisserie artisanal, nous utilisons uniquement des mati\u00e8res premi\u00e8res provenant de cultures de la r\u00e9gion et notre pain est fabriqu\u00e9 \u00e0 base de farine ip-suisse.<\/p>\n<\/h1>\n<h1>\n<div id=\"rt-main\" class=\"mb16\">\n<div class=\"rt-container\">\n<div class=\"rt-grid-16 \">\n<div class=\"rt-block\">\n<div id=\"rt-mainbody\">\n<div class=\"component-content\">\n<div id=\"k2Container\" class=\"itemListView\">\n<div class=\"itemList\">\n<div id=\"itemListPrimary\">\n<div class=\"K2ItemsRow\">\n<div class=\"itemContainer itemContainerLast\">\n<div class=\"catItemView groupPrimary\">\n<div class=\"catItemBody\">\n<div class=\"catItemIntroText\">\n<div id=\"itemListPrimary\">\n<div class=\"K2ItemsRow\">\n<div class=\"itemContainer itemContainerLast\">\n<div class=\"catItemView groupPrimary\">\n<div class=\"catItemBody\">\n<div class=\"catItemIntroText\">Nous vous proposons chaque jour la qualit\u00e9, la fraicheur, le service et la propret\u00e9. De plus, nous sommes \u00e0 m\u00eame de pouvoir vous proposer\u00a0diff\u00e9rents ap\u00e9ritifs pour vos banquets, anniversaires, f\u00eates priv\u00e9es ou professionnelles, nous vous assurons une livraison de qualit\u00e9 dans toute la r\u00e9gion.<\/div>\n<\/div>\n<\/div>\n<\/div>\n<\/div>\n<\/div>\n<\/div>\n<\/div>\n<\/div>\n<\/div>\n<\/div>\n<\/div>\n<\/div>\n<\/div>\n<\/div>\n<\/div>\n<\/div>\n<\/div>\n<\/div>\n<\/div>\n<\/h1>\n<h2>A Small Selection From Our Bakery<\/h2>\n<p>\n    <a href=\"\/index.php?page_id=2\">All Products<\/a>\n<\/p>\n<ul>\n<li>\n<p>        <img decoding=\"async\" src=\"\/wp-content\/uploads\/2024\/01\/1-2.png\" alt=\"\"><\/p>\n<\/li>\n<li>\n<p>        <img decoding=\"async\" src=\"\/wp-content\/uploads\/2024\/01\/1-5.png\" alt=\"\"><\/p>\n<\/li>\n<li>\n<p>        <img decoding=\"async\" src=\"\/wp-content\/uploads\/2024\/01\/1-4.png\" alt=\"\"><\/p>\n<\/li>\n<li>\n<p>        <img decoding=\"async\" src=\"\/wp-content\/uploads\/2024\/01\/1-3.png\" alt=\"\"><\/p>\n<\/li>\n<li>\n<p>        <img decoding=\"async\" src=\"\/wp-content\/uploads\/2024\/01\/1-6.png\" alt=\"\"><\/p>\n<\/li>\n<li>\n<p>        <img decoding=\"async\" src=\"\/wp-content\/uploads\/2024\/01\/1-7.png\" alt=\"\"><\/p>\n<\/li>\n<\/ul>\n<div>Nous organisons pour vous<\/div>\n<h2>Notre nourriture pour vos \u00e9v\u00e8nements<\/h2>\n<div>\n<p>Lorem ipsum dolor sit amet, consectetuer adipiscing elit. Aenean commodo pellentesque eu, pretium quis, sem. Nulla consequat massa quis enim. Donec pede justo, fringilla vel, aliquet nec, vulputate eget, arcu. In enim justo, rhoncus ut, imperdiet a, venenatis vitae, justo. Nullam dictum felis eu pede.<\/p>\n<p>Consequat vitae, eleifend ac, enim. Aliquam lorem ante, dapibus in, viverra quis, feugiat a, tellus. Phasellus viverra nulla ut metus varius laoreet. Quisque rutrum. Aenean imperdiet. Etiam ultricies nisi vel augue ultricies nisi.<\/p>\n<\/div>\n<div>\n<h2>Visit Our District<br \/> Caf\u00e9 &#038; Bakery<\/h2>\n<p>Explore the Taste<\/p>\n<div>\n<p>Lorem ipsum dolor sit amet, consectetuer adipiscing elit. Aenean commodo ligula eget dolor. Aenean massa. Cum sociis natoque penatibus et magnis dis parturient montes, nascetur ridiculus mus. Donec quam felis, ultricies nec, pellentesque eu, pretium quis, sem. Nulla consequat massa quis enim.<\/p>\n<\/div>\n<\/div>\n<h3>Horaire<\/h3>\n<ul>\n<li>\n<h3>Lundi &#8211; Vendredi<\/h3>\n<p>6h &#8211; 17h<\/p>\n<\/li>\n<li>\n<h3>Samedi &#8211; Dimanche<\/h3>\n<p>6h &#8211; 17h<\/p>\n<\/li>\n<\/ul>\n<p><img decoding=\"async\" src=\"\/wp-content\/uploads\/yootheme\/home-opening-hours.png\" alt=\"\"><\/p>\n<p><!--more--><br \/>\n<!-- {\"name\":\"Home\",\"type\":\"layout\",\"children\":[{\"name\":\"Hero\",\"type\":\"section\",\"props\":{\"animation\":\"fade\",\"height\":\"full\",\"image\":\"wp-content\\\/uploads\\\/2023\\\/10\\\/istockphoto-1349392084-1024x1024-1.jpg\",\"image_loading\":true,\"image_position\":\"bottom-left\",\"image_size\":\"cover\",\"image_width\":\"1200\",\"padding\":\"large\",\"style\":\"default\",\"text_color\":\"light\",\"title_breakpoint\":\"xl\",\"title_position\":\"top-left\",\"title_rotation\":\"left\",\"vertical_align\":\"middle\",\"width\":\"large\"},\"children\":[{\"type\":\"row\",\"children\":[{\"type\":\"column\",\"props\":{\"image_position\":\"center-center\",\"position_sticky_breakpoint\":\"m\",\"width_medium\":\"1-2\"},\"children\":[{\"type\":\"headline\",\"props\":{\"content\":\"<span>LIVRAISON\\u00a0<\\\/span><span>7\\\/7<\\\/span>\",\"title_element\":\"h1\",\"title_style\":\"heading-medium\"}},{\"type\":\"headline\",\"props\":{\"content\":\"\n\n<p>365 jours par ann\\u00e9e, nos v\\u00e9hicules parcourent la r\\u00e9gion Lausannoise afin de livrer des produits frais \\u00e0 nos clients.<\\\/p>\\n\n\n<p>Service pour restaurants, entreprises, collectivit\\u00e9s publiques ou \\u00e9v\\u00e8nements priv\\u00e9s, choisissez notre service de livraison sur-mesure.<\\\/p>\",\"title_element\":\"h1\",\"title_style\":\"h5\"}}]},{\"type\":\"column\",\"props\":{\"image_position\":\"center-center\",\"position_sticky_breakpoint\":\"m\",\"width_medium\":\"1-2\"}}],\"props\":{\"layout\":\"1-2,1-2\"}}]},{\"name\":\"Menu\",\"type\":\"section\",\"props\":{\"image_position\":\"center-center\",\"padding\":\"large\",\"padding_remove_bottom\":false,\"style\":\"default\",\"title_breakpoint\":\"xl\",\"title_position\":\"top-left\",\"title_rotation\":\"left\",\"vertical_align\":\"middle\",\"width\":\"xlarge\"},\"children\":[{\"type\":\"row\",\"props\":{\"column_gap\":\"small\",\"match\":false,\"row_gap\":\"small\",\"vertical_align\":\"middle\"},\"children\":[{\"type\":\"column\",\"props\":{\"image_position\":\"center-center\",\"position_sticky_breakpoint\":\"m\",\"vertical_align\":\"middle\"},\"children\":[{\"type\":\"gallery\",\"props\":{\"filter_align\":\"left\",\"filter_all\":true,\"filter_grid_breakpoint\":\"m\",\"filter_grid_width\":\"auto\",\"filter_position\":\"top\",\"filter_style\":\"tab\",\"grid_column_gap\":\"small\",\"grid_default\":\"1\",\"grid_medium\":\"\",\"grid_row_gap\":\"small\",\"grid_small\":\"2\",\"image_width\":\"610\",\"item_animation\":true,\"link_style\":\"default\",\"link_text\":\"\",\"margin\":\"default\",\"meta_align\":\"below-title\",\"meta_element\":\"div\",\"meta_style\":\"text-meta\",\"overlay_hover\":true,\"overlay_link\":true,\"overlay_mode\":\"cover\",\"overlay_position\":\"center\",\"overlay_style\":\"overlay-default\",\"overlay_transition\":\"fade\",\"parallax_easing\":\"1\",\"show_content\":true,\"show_hover_image\":true,\"show_link\":true,\"show_meta\":true,\"show_title\":true,\"text_align\":\"center\",\"text_color\":\"\",\"title_element\":\"div\",\"title_hover_style\":\"reset\",\"title_style\":\"h3\"},\"children\":[{\"type\":\"gallery_item\",\"props\":{\"image\":\"wp-content\\\/uploads\\\/2023\\\/10\\\/istockphoto-1472817580-1024x1024-1.jpg\",\"link\":\"index.php?page_id=20\",\"title\":\"Produits\"}},{\"type\":\"gallery_item\",\"props\":{\"image\":\"wp-content\\\/uploads\\\/2023\\\/10\\\/istockphoto-1423092271-1024x1024-1.jpg\",\"link\":\"index.php?page_id=1182\",\"title\":\"Ap\\u00e9ritif dinatoire\"}}]}]}]}]},{\"name\":\"About\",\"type\":\"section\",\"props\":{\"height\":\"percent\",\"image\":\"wp-content\\\/uploads\\\/yootheme\\\/home-about-bg.jpg\",\"image_effect\":\"parallax\",\"image_parallax_bgy\":\"-200,100\",\"image_parallax_easing\":\"1\",\"image_position\":\"center-center\",\"image_size\":\"cover\",\"image_width\":\"2560\",\"padding\":\"xlarge\",\"style\":\"default\",\"text_color\":\"light\",\"title_breakpoint\":\"xl\",\"title_position\":\"top-left\",\"title_rotation\":\"left\",\"vertical_align\":\"middle\",\"width\":\"xlarge\"},\"children\":[{\"type\":\"row\",\"children\":[{\"type\":\"column\",\"props\":{\"image_position\":\"center-center\",\"position_sticky_breakpoint\":\"m\",\"width_medium\":\"1-2\"},\"children\":[{\"type\":\"headline\",\"props\":{\"block_align\":\"center\",\"content\":\"Votre artisan boulanger, p\\u00e2tissier &amp; traiteur de votre r\\u00e9gion\",\"margin\":\"large\",\"text_align\":\"center\",\"title_element\":\"h2\",\"title_style\":\"h1\"}},{\"type\":\"button\",\"props\":{\"button_size\":\"small\",\"fullwidth\":true,\"grid_column_gap\":\"\",\"grid_row_gap\":\"collapse\",\"margin\":\"large\"},\"children\":[{\"type\":\"button_item\",\"props\":{\"button_style\":\"default\",\"content\":\"\\u00c0 propos de nous\",\"icon_align\":\"left\",\"link\":\"index.php?page_id=6\"}}]}]},{\"type\":\"column\",\"props\":{\"image_position\":\"center-center\",\"position_sticky_breakpoint\":\"m\",\"width_medium\":\"1-2\"},\"children\":[{\"type\":\"headline\",\"props\":{\"content\":\"\n\n<p>Nous sommes une entreprise dynamique sp\\u00e9cialis\\u00e9 dans la<span>\\u00a0<\\\/span><span class=\\\"_gras\\\">livraison de produits de boulangerie et p\\u00e2tisserie<\\\/span><span>\\u00a0<\\\/span>et ceci<span>\\u00a0<\\\/span><span class=\\\"_gras\\\">365 jours par an<\\\/span>, nous travaillons avec une client\\u00e8le tr\\u00e8s vari\\u00e9e tel que:<span>\\u00a0<\\\/span><span class=\\\"_gras\\\">h\\u00f4tels, restaurants, \\u00e9coles, banques, universit\\u00e9s, magasins d'alimentation, etc..<\\\/span><\\\/p>\\n\n\n<p><\\\/p>\\n\n\n<p>Nous poss\\u00e9dons de nombreuses ann\\u00e9es d'exp\\u00e9riences dans ce domaine et nous appliquons des m\\u00e9thodes de travail artisanales assurant<span>\\u00a0<\\\/span><span class=\\\"_gras\\\">l'authenticit\\u00e9 et la saveur des produits<\\\/span>, notre objectif est que nos clients trouvent chez nous du pain et de la p\\u00e2tisserie artisanal, nous utilisons uniquement des mati\\u00e8res premi\\u00e8res provenant de cultures de la r\\u00e9gion et notre pain est fabriqu\\u00e9 \\u00e0 base de farine ip-suisse.<\\\/p>\",\"title_element\":\"h1\",\"title_style\":\"h5\"}}]}],\"props\":{\"layout\":\"1-2,1-2\"}},{\"type\":\"row\",\"children\":[{\"type\":\"column\",\"props\":{\"image_position\":\"center-center\",\"position_sticky_breakpoint\":\"m\"},\"children\":[{\"type\":\"headline\",\"props\":{\"content\":\"\n\n<div id=\\\"rt-main\\\" class=\\\"mb16\\\">\\n\n\n<div class=\\\"rt-container\\\">\\n\n\n<div class=\\\"rt-grid-16 \\\">\\n\n\n<div class=\\\"rt-block\\\">\\n\n\n<div id=\\\"rt-mainbody\\\">\\n\n\n<div class=\\\"component-content\\\">\\n\n\n<div id=\\\"k2Container\\\" class=\\\"itemListView\\\">\\n\n\n<div class=\\\"itemList\\\">\\n\n\n<div id=\\\"itemListPrimary\\\">\\n\n\n<div class=\\\"K2ItemsRow\\\">\\n\n\n<div class=\\\"itemContainer itemContainerLast\\\">\\n\n\n<div class=\\\"catItemView groupPrimary\\\">\\n\n\n<div class=\\\"catItemBody\\\">\\n\n\n<div class=\\\"catItemIntroText\\\">\\n\n\n<div id=\\\"itemListPrimary\\\">\\n\n\n<div class=\\\"K2ItemsRow\\\">\\n\n\n<div class=\\\"itemContainer itemContainerLast\\\">\\n\n\n<div class=\\\"catItemView groupPrimary\\\">\\n\n\n<div class=\\\"catItemBody\\\">\\n\n\n<div class=\\\"catItemIntroText\\\">Nous vous proposons chaque jour la qualit\\u00e9, la fraicheur, le service et la propret\\u00e9. De plus, nous sommes \\u00e0 m\\u00eame de pouvoir vous proposer\\u00a0diff\\u00e9rents ap\\u00e9ritifs pour vos banquets, anniversaires, f\\u00eates priv\\u00e9es ou professionnelles, nous vous assurons une livraison de qualit\\u00e9 dans toute la r\\u00e9gion.<\\\/div>\\n<\\\/div>\\n<\\\/div>\\n<\\\/div>\\n<\\\/div>\\n<\\\/div>\\n<\\\/div>\\n<\\\/div>\\n<\\\/div>\\n<\\\/div>\\n<\\\/div>\\n<\\\/div>\\n<\\\/div>\\n<\\\/div>\\n<\\\/div>\\n<\\\/div>\\n<\\\/div>\\n<\\\/div>\\n<\\\/div>\\n<\\\/div>\",\"title_element\":\"h1\",\"title_style\":\"h5\"}}]}]}]},{\"type\":\"section\",\"props\":{\"image_position\":\"center-center\",\"style\":\"default\",\"title_breakpoint\":\"xl\",\"title_position\":\"top-left\",\"title_rotation\":\"left\",\"vertical_align\":\"middle\",\"width\":\"default\"},\"children\":[{\"type\":\"row\",\"children\":[{\"type\":\"column\",\"props\":{\"image_position\":\"center-center\",\"position_sticky_breakpoint\":\"m\"},\"children\":[{\"type\":\"headline\",\"props\":{\"block_align\":\"center\",\"content\":\"A Small Selection From Our Bakery\",\"margin\":\"medium\",\"maxwidth\":\"xlarge\",\"text_align\":\"center\",\"title_element\":\"h2\",\"title_style\":\"heading-small\"}},{\"type\":\"button\",\"props\":{\"grid_column_gap\":\"small\",\"grid_row_gap\":\"small\",\"margin\":\"\",\"text_align\":\"center\"},\"children\":[{\"type\":\"button_item\",\"props\":{\"button_style\":\"text\",\"content\":\"All Products\",\"icon_align\":\"left\",\"link\":\"index.php?page_id=2\"}}]},{\"type\":\"overlay-slider\",\"props\":{\"image_width\":\"1700\",\"link_style\":\"default\",\"link_text\":\"\",\"margin\":\"default\",\"meta_align\":\"below-title\",\"meta_element\":\"div\",\"meta_margin\":\"small\",\"meta_style\":\"text-meta\",\"nav\":\"dotnav\",\"nav_align\":\"center\",\"nav_breakpoint\":\"\",\"overlay_hover\":true,\"overlay_link\":true,\"overlay_maxwidth\":\"xlarge\",\"overlay_mode\":\"cover\",\"overlay_position\":\"center\",\"overlay_transition\":\"fade\",\"show_content\":false,\"show_hover_image\":true,\"show_link\":true,\"show_meta\":true,\"show_title\":false,\"slidenav\":\"\",\"slidenav_breakpoint\":\"s\",\"slidenav_margin\":\"medium\",\"slidenav_outside_breakpoint\":\"xl\",\"slider_autoplay\":false,\"slider_autoplay_interval\":\"5\",\"slider_autoplay_pause\":true,\"slider_center\":true,\"slider_gap\":\"large\",\"slider_sets\":false,\"slider_velocity\":\"0.7\",\"slider_width\":\"fixed\",\"slider_width_default\":\"1-1\",\"slider_width_medium\":\"1-2\",\"slider_width_small\":\"3-5\",\"text_align\":\"center\",\"title_element\":\"h3\",\"title_hover_style\":\"reset\",\"title_style\":\"h2\"},\"children\":[{\"type\":\"overlay-slider_item\",\"props\":{\"content\":\"\",\"image\":\"wp-content\\\/uploads\\\/2024\\\/01\\\/1-2.png\",\"title\":\"\"}},{\"type\":\"overlay-slider_item\",\"props\":{\"content\":\"\",\"image\":\"wp-content\\\/uploads\\\/2024\\\/01\\\/1-5.png\",\"title\":\"\"}},{\"type\":\"overlay-slider_item\",\"props\":{\"content\":\"\",\"image\":\"wp-content\\\/uploads\\\/2024\\\/01\\\/1-4.png\",\"title\":\"\"}},{\"type\":\"overlay-slider_item\",\"props\":{\"content\":\"\",\"image\":\"wp-content\\\/uploads\\\/2024\\\/01\\\/1-3.png\",\"title\":\"\"}},{\"type\":\"overlay-slider_item\",\"props\":{\"content\":\"\",\"image\":\"wp-content\\\/uploads\\\/2024\\\/01\\\/1-6.png\",\"title\":\"\"}},{\"type\":\"overlay-slider_item\",\"props\":{\"image\":\"wp-content\\\/uploads\\\/2024\\\/01\\\/1-7.png\"}}]}]}]}]},{\"name\":\"Catering\",\"type\":\"section\",\"props\":{\"css\":\"@media (max-width: 1600px) {\\n    .el-section > * { background-size: 560px!important; }\\n}\",\"height\":\"full\",\"image\":\"wp-content\\\/uploads\\\/yootheme\\\/home-catering-bg.png\",\"image_position\":\"center-left\",\"image_width\":\"700\",\"media_visibility\":\"m\",\"padding\":\"xlarge\",\"padding_remove_bottom\":false,\"style\":\"default\",\"title_breakpoint\":\"xl\",\"title_position\":\"top-left\",\"title_rotation\":\"left\",\"vertical_align\":\"middle\",\"width\":\"\"},\"children\":[{\"type\":\"row\",\"props\":{\"layout\":\"1-2,1-2\",\"width\":\"large\"},\"children\":[{\"type\":\"column\",\"props\":{\"image_position\":\"center-left\",\"position_sticky_breakpoint\":\"m\",\"width_medium\":\"1-2\"}},{\"type\":\"column\",\"props\":{\"image_position\":\"center-center\",\"position_sticky_breakpoint\":\"m\",\"width_medium\":\"1-2\"},\"children\":[{\"type\":\"headline\",\"props\":{\"content\":\"Nous organisons pour vous\",\"title_element\":\"div\",\"title_style\":\"h6\"}},{\"type\":\"headline\",\"props\":{\"content\":\"Notre nourriture pour vos \\u00e9v\\u00e8nements\",\"title_element\":\"h2\"}},{\"type\":\"text\",\"props\":{\"column_breakpoint\":\"m\",\"content\":\"\n\n<p>Lorem ipsum dolor sit amet, consectetuer adipiscing elit. Aenean commodo pellentesque eu, pretium quis, sem. Nulla consequat massa quis enim. Donec pede justo, fringilla vel, aliquet nec, vulputate eget, arcu. In enim justo, rhoncus ut, imperdiet a, venenatis vitae, justo. Nullam dictum felis eu pede.<\\\/p>\\n\\n\n\n<p>Consequat vitae, eleifend ac, enim. Aliquam lorem ante, dapibus in, viverra quis, feugiat a, tellus. Phasellus viverra nulla ut metus varius laoreet. Quisque rutrum. Aenean imperdiet. Etiam ultricies nisi vel augue ultricies nisi.<\\\/p>\",\"margin\":\"default\"}}]}]}]},{\"name\":\"Opening Hours\",\"type\":\"section\",\"props\":{\"class\":\"uk-overflow-hidden\",\"image_position\":\"center-center\",\"overlap\":false,\"padding\":\"large\",\"padding_remove_bottom\":true,\"style\":\"default\",\"title_breakpoint\":\"xl\",\"title_position\":\"top-left\",\"title_rotation\":\"left\",\"vertical_align\":\"middle\",\"width\":\"\"},\"children\":[{\"type\":\"row\",\"props\":{\"column_gap\":\"large\",\"divider\":true,\"layout\":\"2-3,1-3\",\"margin\":\"xlarge\",\"margin_remove_top\":false,\"row_gap\":\"large\",\"vertical_align\":true,\"width\":\"large\"},\"children\":[{\"type\":\"column\",\"props\":{\"image_position\":\"center-center\",\"position_sticky_breakpoint\":\"m\",\"vertical_align\":\"middle\",\"width_medium\":\"2-3\"},\"children\":[{\"type\":\"panel\",\"props\":{\"content\":\"\n\n<p>Lorem ipsum dolor sit amet, consectetuer adipiscing elit. Aenean commodo ligula eget dolor. Aenean massa. Cum sociis natoque penatibus et magnis dis parturient montes, nascetur ridiculus mus. Donec quam felis, ultricies nec, pellentesque eu, pretium quis, sem. Nulla consequat massa quis enim.<\\\/p>\",\"content_column_breakpoint\":\"m\",\"icon_ratio\":4,\"icon_width\":80,\"image_align\":\"top\",\"image_grid_breakpoint\":\"m\",\"image_grid_width\":\"1-2\",\"image_svg_color\":\"emphasis\",\"link_style\":\"default\",\"link_text\":\"Read more\",\"margin\":\"default\",\"maxwidth\":\"2xlarge\",\"meta\":\"Explore the Taste\",\"meta_align\":\"above-title\",\"meta_element\":\"div\",\"meta_style\":\"h6\",\"title\":\"Visit Our District<br \/> Caf\\u00e9 & Bakery\",\"title_align\":\"top\",\"title_element\":\"h2\",\"title_grid_breakpoint\":\"m\",\"title_grid_width\":\"1-2\",\"title_hover_style\":\"reset\"}}]},{\"type\":\"column\",\"props\":{\"image_position\":\"center-center\",\"position_sticky_breakpoint\":\"m\",\"vertical_align\":\"middle\",\"width_medium\":\"1-3\"},\"children\":[{\"type\":\"headline\",\"props\":{\"content\":\"Horaire\",\"title_element\":\"h3\",\"title_style\":\"h4\"}},{\"type\":\"description_list\",\"props\":{\"column_breakpoint\":\"m\",\"layout\":\"grid-2-m\",\"list_element\":\"ul\",\"meta_align\":\"below-content\",\"meta_style\":\"\",\"show_content\":true,\"show_link\":true,\"show_meta\":true,\"show_title\":true,\"title_element\":\"div\",\"title_grid_column_gap\":\"small\",\"title_grid_row_gap\":\"small\",\"title_grid_width\":\"expand\",\"title_leader\":true},\"children\":[{\"type\":\"description_list_item\",\"props\":{\"content\":\"\",\"meta\":\"6h - 17h\",\"title\":\"Lundi - Vendredi\"}},{\"type\":\"description_list_item\",\"props\":{\"content\":\"\",\"meta\":\"6h - 17h\",\"title\":\"Samedi - Dimanche\"}}]}]}]},{\"type\":\"row\",\"children\":[{\"type\":\"column\",\"props\":{\"image_position\":\"center-center\",\"position_sticky_breakpoint\":\"m\",\"width_medium\":\"1-1\"},\"children\":[{\"type\":\"image\",\"props\":{\"animation\":\"parallax\",\"image\":\"wp-content\\\/uploads\\\/yootheme\\\/home-opening-hours.png\",\"image_svg_color\":\"emphasis\",\"image_width\":\"880\",\"margin\":\"remove-vertical\",\"parallax_breakpoint\":\"m\",\"parallax_easing\":\"1\",\"parallax_y\":\"80,0\",\"text_align\":\"center\"}}]}]}]}],\"version\":\"4.1.2\"} --><\/p>\n","protected":false},"excerpt":{"rendered":"<p>LIVRAISON\u00a07\/7 365 jours par ann\u00e9e, nos v\u00e9hicules parcourent la r\u00e9gion Lausannoise afin de livrer des produits frais \u00e0 nos clients. Service pour restaurants, entreprises, collectivit\u00e9s publiques ou \u00e9v\u00e8nements priv\u00e9s, choisissez notre service de livraison sur-mesure. Produits Ap\u00e9ritif dinatoire Votre artisan boulanger, p\u00e2tissier &amp; traiteur de votre r\u00e9gion \u00c0 propos de nous Nous sommes une entreprise [&hellip;]<\/p>\n","protected":false},"author":1,"featured_media":0,"parent":0,"menu_order":4,"comment_status":"open","ping_status":"open","template":"","meta":{"footnotes":""},"class_list":["post-1","page","type-page","status-publish","hentry"],"acf":[],"_links":{"self":[{"href":"https:\/\/boulangerie-patisserie-lausanne.ch\/index.php?rest_route=\/wp\/v2\/pages\/1","targetHints":{"allow":["GET"]}}],"collection":[{"href":"https:\/\/boulangerie-patisserie-lausanne.ch\/index.php?rest_route=\/wp\/v2\/pages"}],"about":[{"href":"https:\/\/boulangerie-patisserie-lausanne.ch\/index.php?rest_route=\/wp\/v2\/types\/page"}],"author":[{"embeddable":true,"href":"https:\/\/boulangerie-patisserie-lausanne.ch\/index.php?rest_route=\/wp\/v2\/users\/1"}],"replies":[{"embeddable":true,"href":"https:\/\/boulangerie-patisserie-lausanne.ch\/index.php?rest_route=%2Fwp%2Fv2%2Fcomments&post=1"}],"version-history":[{"count":30,"href":"https:\/\/boulangerie-patisserie-lausanne.ch\/index.php?rest_route=\/wp\/v2\/pages\/1\/revisions"}],"predecessor-version":[{"id":1394,"href":"https:\/\/boulangerie-patisserie-lausanne.ch\/index.php?rest_route=\/wp\/v2\/pages\/1\/revisions\/1394"}],"wp:attachment":[{"href":"https:\/\/boulangerie-patisserie-lausanne.ch\/index.php?rest_route=%2Fwp%2Fv2%2Fmedia&parent=1"}],"curies":[{"name":"wp","href":"https:\/\/api.w.org\/{rel}","templated":true}]}}